{"id":7091,"date":"2017-04-05T15:58:31","date_gmt":"2017-04-05T15:58:31","guid":{"rendered":"https:\/\/matias-araujo.pt\/empresa\/"},"modified":"2021-11-25T17:30:37","modified_gmt":"2021-11-25T17:30:37","slug":"empresa","status":"publish","type":"page","link":"https:\/\/matias-araujo.pt\/en\/empresa\/","title":{"rendered":"Company"},"content":{"rendered":"[vc_row type=&#8221;full_width_content&#8221; full_screen_row_position=&#8221;middle&#8221; full_height=&#8221;yes&#8221; scene_position=&#8221;center&#8221; video_bg=&#8221;use_video&#8221; video_mute=&#8221;true&#8221; video_external=&#8221;https:\/\/www.youtube.com\/watch?v=DW9WSC6ixp4&#8243; video_image=&#8221;7503&#8243; text_color=&#8221;dark&#8221; text_align=&#8221;left&#8221; overlay_strength=&#8221;0.3&#8243; shape_divider_position=&#8221;bottom&#8221; shape_type=&#8221;&#8221;][vc_column enable_animation=&#8221;true&#8221; animation=&#8221;fade-in&#8221; centered_text=&#8221;true&#8221; column_padding=&#8221;no-extra-padding&#8221; column_padding_position=&#8221;all&#8221; background_color_opacity=&#8221;1&#8243; background_hover_color_opacity=&#8221;1&#8243; column_shadow=&#8221;none&#8221; column_border_radius=&#8221;none&#8221; width=&#8221;1\/1&#8243; tablet_text_alignment=&#8221;default&#8221; phone_text_alignment=&#8221;default&#8221; column_border_width=&#8221;none&#8221; column_border_style=&#8221;solid&#8221; offset=&#8221;vc_col-lg-12&#8243;][\/vc_column][\/vc_row][vc_row type=&#8221;in_container&#8221; full_screen_row_position=&#8221;middle&#8221; scene_position=&#8221;center&#8221; text_color=&#8221;dark&#8221; text_align=&#8221;center&#8221; top_padding=&#8221;70&#8243; overlay_strength=&#8221;0.3&#8243; shape_divider_position=&#8221;bottom&#8221; shape_type=&#8221;&#8221;][vc_column centered_text=&#8221;true&#8221; column_padding=&#8221;no-extra-padding&#8221; column_padding_position=&#8221;all&#8221; background_color_opacity=&#8221;1&#8243; background_hover_color_opacity=&#8221;1&#8243; column_shadow=&#8221;none&#8221; column_border_radius=&#8221;none&#8221; width=&#8221;1\/1&#8243; tablet_text_alignment=&#8221;default&#8221; phone_text_alignment=&#8221;default&#8221; column_border_width=&#8221;none&#8221; column_border_style=&#8221;solid&#8221;][vc_column_text]\n<h4 style=\"text-align: left;\">About Matias &amp; Ara\u00fajo<\/h4>\n[\/vc_column_text][\/vc_column][\/vc_row][vc_row type=&#8221;in_container&#8221; full_screen_row_position=&#8221;middle&#8221; scene_position=&#8221;center&#8221; text_color=&#8221;dark&#8221; text_align=&#8221;center&#8221; bottom_padding=&#8221;4%&#8221; overlay_strength=&#8221;0.3&#8243; shape_divider_position=&#8221;bottom&#8221; shape_type=&#8221;&#8221;][vc_column centered_text=&#8221;true&#8221; column_padding=&#8221;no-extra-padding&#8221; column_padding_position=&#8221;all&#8221; background_color_opacity=&#8221;1&#8243; background_hover_color_opacity=&#8221;1&#8243; column_shadow=&#8221;none&#8221; column_border_radius=&#8221;none&#8221; width=&#8221;1\/2&#8243; tablet_text_alignment=&#8221;default&#8221; phone_text_alignment=&#8221;default&#8221; column_border_width=&#8221;none&#8221; column_border_style=&#8221;solid&#8221;][vc_column_text]\n<h1 style=\"text-align: left;\">The company Matias &amp; Ara\u00fajo started its activity in 1997 by its two founding partners Agostinho Matias and Ant\u00f3nio Ara\u00fajo, maintaining for more than 20 years an innovative, entrepreneurial and dynamic spirit.<\/h1>\n[\/vc_column_text][\/vc_column][vc_column column_padding=&#8221;no-extra-padding&#8221; column_padding_position=&#8221;all&#8221; background_color_opacity=&#8221;1&#8243; background_hover_color_opacity=&#8221;1&#8243; column_shadow=&#8221;none&#8221; column_border_radius=&#8221;none&#8221; width=&#8221;1\/2&#8243; tablet_text_alignment=&#8221;default&#8221; phone_text_alignment=&#8221;default&#8221; column_border_width=&#8221;none&#8221; column_border_style=&#8221;solid&#8221;][vc_column_text]\n<p style=\"text-align: left;\">Combined with the sustainability of the planet and its surroundings, Matias &amp; Ara\u00fajo is committed to producing excellent textiles that meet total customer satisfaction, respecting the sustainability of articles and processes, strictly complying with all certifications and requirements environmental issues.<\/p>\n<p style=\"text-align: left;\">Matias &amp; Ara\u00fajo has a continuous focus on R&amp;D, with the creation and development of new products in a Collection by M&amp;A. It is in permanent technical innovation with the selection of the best raw materials, an H-TECH weaving with nano-technological finishes and applications, always based on the satisfaction of an avant-garde and sustainable customer.<\/p>\n[\/vc_column_text][\/vc_column][\/vc_row][vc_row type=&#8221;full_width_background&#8221; full_screen_row_position=&#8221;middle&#8221; equal_height=&#8221;yes&#8221; bg_color=&#8221;#f9f9f9&#8243; scene_position=&#8221;center&#8221; text_color=&#8221;dark&#8221; text_align=&#8221;center&#8221; top_padding=&#8221;6%&#8221; bottom_padding=&#8221;6%&#8221; color_overlay=&#8221;#e0e0e0&#8243; overlay_strength=&#8221;0.3&#8243; shape_divider_position=&#8221;bottom&#8221; shape_type=&#8221;&#8221;][vc_column column_padding=&#8221;no-extra-padding&#8221; column_padding_position=&#8221;all&#8221; background_color_opacity=&#8221;1&#8243; background_hover_color_opacity=&#8221;1&#8243; column_shadow=&#8221;none&#8221; column_border_radius=&#8221;none&#8221; width=&#8221;1\/1&#8243; tablet_text_alignment=&#8221;default&#8221; phone_text_alignment=&#8221;default&#8221; column_border_width=&#8221;none&#8221; column_border_style=&#8221;solid&#8221;][vc_column_text]\n<h4 style=\"text-align: left;\">Our numbers<\/h4>\n[\/vc_column_text][vc_row_inner equal_height=&#8221;yes&#8221; column_margin=&#8221;default&#8221; top_padding=&#8221;4%&#8221; text_align=&#8221;left&#8221; css=&#8221;.vc_custom_1635516391394{background-position: center !important;background-repeat: no-repeat !important;background-size: cover !important;}&#8221;][vc_column_inner column_padding=&#8221;no-extra-padding&#8221; column_padding_position=&#8221;all&#8221; centered_text=&#8221;true&#8221; background_color_opacity=&#8221;1&#8243; background_hover_color_opacity=&#8221;1&#8243; column_shadow=&#8221;none&#8221; column_border_radius=&#8221;none&#8221; width=&#8221;1\/4&#8243; column_border_width=&#8221;none&#8221; column_border_style=&#8221;solid&#8221;]<div class=\"nectar-milestone \" data-symbol=\"m2\" data-symbol-alignment=\"superscript\" data-symbol-pos=\"after\" data-symbol-size=\"22\" data-ms-align=\"default\" > <div class=\"number accent-color\" data-number-size=\"72\"><h2><span>20000<\/span><\/h2><\/div> <div class=\"subject\" style=\"padding: 2%;\">Area<\/div> <\/div>[\/vc_column_inner][vc_column_inner column_padding=&#8221;no-extra-padding&#8221; column_padding_position=&#8221;all&#8221; centered_text=&#8221;true&#8221; background_color_opacity=&#8221;1&#8243; background_hover_color_opacity=&#8221;1&#8243; column_shadow=&#8221;none&#8221; column_border_radius=&#8221;none&#8221; width=&#8221;1\/4&#8243; column_border_width=&#8221;none&#8221; column_border_style=&#8221;solid&#8221;]<div class=\"nectar-milestone \"  data-ms-align=\"default\" > <div class=\"number accent-color\" data-number-size=\"72\"><h2><span>100<\/span><\/h2><\/div> <div class=\"subject\" style=\"padding: 2%;\">Looms<\/div> <\/div>[\/vc_column_inner][vc_column_inner column_padding=&#8221;no-extra-padding&#8221; column_padding_position=&#8221;all&#8221; centered_text=&#8221;true&#8221; background_color_opacity=&#8221;1&#8243; background_hover_color_opacity=&#8221;1&#8243; column_shadow=&#8221;none&#8221; column_border_radius=&#8221;none&#8221; width=&#8221;1\/4&#8243; column_border_width=&#8221;none&#8221; column_border_style=&#8221;solid&#8221;]<div class=\"nectar-milestone \"  data-ms-align=\"default\" > <div class=\"number accent-color\" data-number-size=\"72\"><h2><span>140<\/span><\/h2><\/div> <div class=\"subject\" style=\"padding: 2%;\">Employees<\/div> <\/div>[\/vc_column_inner][vc_column_inner column_padding=&#8221;no-extra-padding&#8221; column_padding_position=&#8221;all&#8221; background_color_opacity=&#8221;1&#8243; background_hover_color_opacity=&#8221;1&#8243; column_shadow=&#8221;none&#8221; column_border_radius=&#8221;none&#8221; width=&#8221;1\/4&#8243; column_border_width=&#8221;none&#8221; column_border_style=&#8221;solid&#8221;]<div class=\"nectar-milestone \"  data-ms-align=\"default\" > <div class=\"number accent-color\" data-number-size=\"72\"><h2><span>30000<\/span><\/h2><\/div> <div class=\"subject\" style=\"padding: 2%;\">Kg\/day<\/div> <\/div>[\/vc_column_inner][\/vc_row_inner][\/vc_column][\/vc_row][vc_row type=&#8221;in_container&#8221; full_screen_row_position=&#8221;middle&#8221; scene_position=&#8221;center&#8221; text_color=&#8221;dark&#8221; text_align=&#8221;left&#8221; top_padding=&#8221;3%&#8221; id=&#8221;galeria&#8221; overlay_strength=&#8221;0.3&#8243; shape_divider_position=&#8221;bottom&#8221; shape_type=&#8221;&#8221;][vc_column column_padding=&#8221;no-extra-padding&#8221; column_padding_position=&#8221;all&#8221; background_color_opacity=&#8221;1&#8243; background_hover_color_opacity=&#8221;1&#8243; column_shadow=&#8221;none&#8221; column_border_radius=&#8221;none&#8221; width=&#8221;1\/1&#8243; tablet_text_alignment=&#8221;default&#8221; phone_text_alignment=&#8221;default&#8221; column_border_width=&#8221;none&#8221; column_border_style=&#8221;solid&#8221;][vc_gallery type=&#8221;image_grid&#8221; images=&#8221;6728,10672,10670,10668,10679,10684,6715,6716,6718,10676,6719,6721,10674,6722,6723,6727&#8243; layout=&#8221;3&#8243; masonry_style=&#8221;true&#8221; gallery_style=&#8221;2&#8243; load_in_animation=&#8221;perspective&#8221;][\/vc_column][\/vc_row][vc_row type=&#8221;in_container&#8221; full_screen_row_position=&#8221;middle&#8221; scene_position=&#8221;center&#8221; text_color=&#8221;dark&#8221; text_align=&#8221;left&#8221; overlay_strength=&#8221;0.3&#8243; shape_divider_position=&#8221;bottom&#8221;][vc_column column_padding=&#8221;no-extra-padding&#8221; column_padding_position=&#8221;all&#8221; background_color_opacity=&#8221;1&#8243; background_hover_color_opacity=&#8221;1&#8243; column_shadow=&#8221;none&#8221; column_border_radius=&#8221;none&#8221; width=&#8221;1\/1&#8243; tablet_text_alignment=&#8221;default&#8221; phone_text_alignment=&#8221;default&#8221; column_border_width=&#8221;none&#8221; column_border_style=&#8221;solid&#8221;][\/vc_column][\/vc_row]\n","protected":false},"excerpt":{"rendered":"<p>[vc_row type=&#8221;full_width_content&#8221; full_screen_row_position=&#8221;middle&#8221; full_height=&#8221;yes&#8221; scene_position=&#8221;center&#8221; video_bg=&#8221;use_video&#8221; video_mute=&#8221;true&#8221; video_external=&#8221;https:\/\/www.youtube.com\/watch?v=DW9WSC6ixp4&#8243; video_image=&#8221;7503&#8243; text_color=&#8221;dark&#8221;&#8230;<\/p>\n","protected":false},"author":1,"featured_media":0,"parent":0,"menu_order":0,"comment_status":"closed","ping_status":"closed","template":"","meta":{"footnotes":""},"class_list":["post-7091","page","type-page","status-publish"],"yoast_head":"<!-- This site is optimized with the Yoast SEO plugin v26.4 - https:\/\/yoast.com\/wordpress\/plugins\/seo\/ -->\n<title>Company - Matias e Ara\u00fajo, S.A.<\/title>\n<meta name=\"robots\" content=\"index, follow, max-snippet:-1, max-image-preview:large, max-video-preview:-1\" \/>\n<link rel=\"canonical\" href=\"https:\/\/matias-araujo.pt\/en\/empresa\/\" \/>\n<meta property=\"og:locale\" content=\"en_US\" \/>\n<meta property=\"og:type\" content=\"article\" \/>\n<meta property=\"og:title\" content=\"Company - Matias e Ara\u00fajo, S.A.\" \/>\n<meta property=\"og:description\" content=\"[vc_row type=&#8221;full_width_content&#8221; full_screen_row_position=&#8221;middle&#8221; full_height=&#8221;yes&#8221; scene_position=&#8221;center&#8221; video_bg=&#8221;use_video&#8221; video_mute=&#8221;true&#8221; video_external=&#8221;https:\/\/www.youtube.com\/watch?v=DW9WSC6ixp4&#8243; video_image=&#8221;7503&#8243; text_color=&#8221;dark&#8221;...\" \/>\n<meta property=\"og:url\" content=\"https:\/\/matias-araujo.pt\/en\/empresa\/\" \/>\n<meta property=\"og:site_name\" content=\"Matias e Ara\u00fajo, S.A.\" \/>\n<meta property=\"article:publisher\" content=\"https:\/\/www.facebook.com\/people\/Matias-Arajo\/100079524852528\/\" \/>\n<meta property=\"article:modified_time\" content=\"2021-11-25T17:30:37+00:00\" \/>\n<meta name=\"twitter:card\" content=\"summary_large_image\" \/>\n<meta name=\"twitter:label1\" content=\"Est. reading time\" \/>\n\t<meta name=\"twitter:data1\" content=\"5 minutes\" \/>\n<script type=\"application\/ld+json\" class=\"yoast-schema-graph\">{\"@context\":\"https:\/\/schema.org\",\"@graph\":[{\"@type\":\"WebPage\",\"@id\":\"https:\/\/matias-araujo.pt\/en\/empresa\/\",\"url\":\"https:\/\/matias-araujo.pt\/en\/empresa\/\",\"name\":\"Company - Matias e Ara\u00fajo, S.A.\",\"isPartOf\":{\"@id\":\"https:\/\/matias-araujo.pt\/en\/#website\"},\"datePublished\":\"2017-04-05T15:58:31+00:00\",\"dateModified\":\"2021-11-25T17:30:37+00:00\",\"breadcrumb\":{\"@id\":\"https:\/\/matias-araujo.pt\/en\/empresa\/#breadcrumb\"},\"inLanguage\":\"en-US\",\"potentialAction\":[{\"@type\":\"ReadAction\",\"target\":[\"https:\/\/matias-araujo.pt\/en\/empresa\/\"]}]},{\"@type\":\"BreadcrumbList\",\"@id\":\"https:\/\/matias-araujo.pt\/en\/empresa\/#breadcrumb\",\"itemListElement\":[{\"@type\":\"ListItem\",\"position\":1,\"name\":\"In\u00edcio\",\"item\":\"https:\/\/matias-araujo.pt\/en\/\"},{\"@type\":\"ListItem\",\"position\":2,\"name\":\"Company\"}]},{\"@type\":\"WebSite\",\"@id\":\"https:\/\/matias-araujo.pt\/en\/#website\",\"url\":\"https:\/\/matias-araujo.pt\/en\/\",\"name\":\"Matias e Ara\u00fajo, S.A.\",\"description\":\"Innovation Knitting\",\"publisher\":{\"@id\":\"https:\/\/matias-araujo.pt\/en\/#organization\"},\"potentialAction\":[{\"@type\":\"SearchAction\",\"target\":{\"@type\":\"EntryPoint\",\"urlTemplate\":\"https:\/\/matias-araujo.pt\/en\/?s={search_term_string}\"},\"query-input\":{\"@type\":\"PropertyValueSpecification\",\"valueRequired\":true,\"valueName\":\"search_term_string\"}}],\"inLanguage\":\"en-US\"},{\"@type\":\"Organization\",\"@id\":\"https:\/\/matias-araujo.pt\/en\/#organization\",\"name\":\"Matias e Ara\u00fajo, S.A.\",\"url\":\"https:\/\/matias-araujo.pt\/en\/\",\"logo\":{\"@type\":\"ImageObject\",\"inLanguage\":\"en-US\",\"@id\":\"https:\/\/matias-araujo.pt\/en\/#\/schema\/logo\/image\/\",\"url\":\"https:\/\/matias-araujo.pt\/wp-content\/uploads\/2017\/04\/MATIAS-ARAUJO-LOGO-COLOR-2X.png\",\"contentUrl\":\"https:\/\/matias-araujo.pt\/wp-content\/uploads\/2017\/04\/MATIAS-ARAUJO-LOGO-COLOR-2X.png\",\"width\":300,\"height\":300,\"caption\":\"Matias e Ara\u00fajo, S.A.\"},\"image\":{\"@id\":\"https:\/\/matias-araujo.pt\/en\/#\/schema\/logo\/image\/\"},\"sameAs\":[\"https:\/\/www.facebook.com\/people\/Matias-Arajo\/100079524852528\/\",\"https:\/\/www.linkedin.com\/company\/matias-araujo\/\",\"https:\/\/www.youtube.com\/channel\/UCzcynYaTJ4MywYrGwkHH6EQ\/featured\",\"https:\/\/www.instagram.com\/matias_araujo.textiles\/\"]}]}<\/script>\n<!-- \/ Yoast SEO plugin. -->","yoast_head_json":{"title":"Company - Matias e Ara\u00fajo, S.A.","robots":{"index":"index","follow":"follow","max-snippet":"max-snippet:-1","max-image-preview":"max-image-preview:large","max-video-preview":"max-video-preview:-1"},"canonical":"https:\/\/matias-araujo.pt\/en\/empresa\/","og_locale":"en_US","og_type":"article","og_title":"Company - Matias e Ara\u00fajo, S.A.","og_description":"[vc_row type=&#8221;full_width_content&#8221; full_screen_row_position=&#8221;middle&#8221; full_height=&#8221;yes&#8221; scene_position=&#8221;center&#8221; video_bg=&#8221;use_video&#8221; video_mute=&#8221;true&#8221; video_external=&#8221;https:\/\/www.youtube.com\/watch?v=DW9WSC6ixp4&#8243; video_image=&#8221;7503&#8243; text_color=&#8221;dark&#8221;...","og_url":"https:\/\/matias-araujo.pt\/en\/empresa\/","og_site_name":"Matias e Ara\u00fajo, S.A.","article_publisher":"https:\/\/www.facebook.com\/people\/Matias-Arajo\/100079524852528\/","article_modified_time":"2021-11-25T17:30:37+00:00","twitter_card":"summary_large_image","twitter_misc":{"Est. reading time":"5 minutes"},"schema":{"@context":"https:\/\/schema.org","@graph":[{"@type":"WebPage","@id":"https:\/\/matias-araujo.pt\/en\/empresa\/","url":"https:\/\/matias-araujo.pt\/en\/empresa\/","name":"Company - Matias e Ara\u00fajo, S.A.","isPartOf":{"@id":"https:\/\/matias-araujo.pt\/en\/#website"},"datePublished":"2017-04-05T15:58:31+00:00","dateModified":"2021-11-25T17:30:37+00:00","breadcrumb":{"@id":"https:\/\/matias-araujo.pt\/en\/empresa\/#breadcrumb"},"inLanguage":"en-US","potentialAction":[{"@type":"ReadAction","target":["https:\/\/matias-araujo.pt\/en\/empresa\/"]}]},{"@type":"BreadcrumbList","@id":"https:\/\/matias-araujo.pt\/en\/empresa\/#breadcrumb","itemListElement":[{"@type":"ListItem","position":1,"name":"In\u00edcio","item":"https:\/\/matias-araujo.pt\/en\/"},{"@type":"ListItem","position":2,"name":"Company"}]},{"@type":"WebSite","@id":"https:\/\/matias-araujo.pt\/en\/#website","url":"https:\/\/matias-araujo.pt\/en\/","name":"Matias e Ara\u00fajo, S.A.","description":"Innovation Knitting","publisher":{"@id":"https:\/\/matias-araujo.pt\/en\/#organization"},"potentialAction":[{"@type":"SearchAction","target":{"@type":"EntryPoint","urlTemplate":"https:\/\/matias-araujo.pt\/en\/?s={search_term_string}"},"query-input":{"@type":"PropertyValueSpecification","valueRequired":true,"valueName":"search_term_string"}}],"inLanguage":"en-US"},{"@type":"Organization","@id":"https:\/\/matias-araujo.pt\/en\/#organization","name":"Matias e Ara\u00fajo, S.A.","url":"https:\/\/matias-araujo.pt\/en\/","logo":{"@type":"ImageObject","inLanguage":"en-US","@id":"https:\/\/matias-araujo.pt\/en\/#\/schema\/logo\/image\/","url":"https:\/\/matias-araujo.pt\/wp-content\/uploads\/2017\/04\/MATIAS-ARAUJO-LOGO-COLOR-2X.png","contentUrl":"https:\/\/matias-araujo.pt\/wp-content\/uploads\/2017\/04\/MATIAS-ARAUJO-LOGO-COLOR-2X.png","width":300,"height":300,"caption":"Matias e Ara\u00fajo, S.A."},"image":{"@id":"https:\/\/matias-araujo.pt\/en\/#\/schema\/logo\/image\/"},"sameAs":["https:\/\/www.facebook.com\/people\/Matias-Arajo\/100079524852528\/","https:\/\/www.linkedin.com\/company\/matias-araujo\/","https:\/\/www.youtube.com\/channel\/UCzcynYaTJ4MywYrGwkHH6EQ\/featured","https:\/\/www.instagram.com\/matias_araujo.textiles\/"]}]}},"_links":{"self":[{"href":"https:\/\/matias-araujo.pt\/en\/wp-json\/wp\/v2\/pages\/7091","targetHints":{"allow":["GET"]}}],"collection":[{"href":"https:\/\/matias-araujo.pt\/en\/wp-json\/wp\/v2\/pages"}],"about":[{"href":"https:\/\/matias-araujo.pt\/en\/wp-json\/wp\/v2\/types\/page"}],"author":[{"embeddable":true,"href":"https:\/\/matias-araujo.pt\/en\/wp-json\/wp\/v2\/users\/1"}],"replies":[{"embeddable":true,"href":"https:\/\/matias-araujo.pt\/en\/wp-json\/wp\/v2\/comments?post=7091"}],"version-history":[{"count":0,"href":"https:\/\/matias-araujo.pt\/en\/wp-json\/wp\/v2\/pages\/7091\/revisions"}],"wp:attachment":[{"href":"https:\/\/matias-araujo.pt\/en\/wp-json\/wp\/v2\/media?parent=7091"}],"curies":[{"name":"wp","href":"https:\/\/api.w.org\/{rel}","templated":true}]}}